{"id":146,"date":"2018-06-04T16:05:39","date_gmt":"2018-06-04T14:05:39","guid":{"rendered":"http:\/\/multipurpose.loc\/hotel\/?page_id=146"},"modified":"2024-11-08T09:47:58","modified_gmt":"2024-11-08T08:47:58","slug":"a-propos","status":"publish","type":"page","link":"https:\/\/grangeducontoures.fr\/index.php\/a-propos\/","title":{"rendered":"A propos"},"content":{"rendered":"<div class=\"wpb-content-wrapper\"><p>[vc_row][vc_column][stm_spacer height=\u00a0\u00bb40&Prime; height_tablet=\u00a0\u00bb30&Prime; height_mobile=\u00a0\u00bb20&Prime;][\/vc_column][\/vc_row][vc_row equal_height=\u00a0\u00bbyes\u00a0\u00bb content_placement=\u00a0\u00bbmiddle\u00a0\u00bb shadow_x_offset=\u00a0\u00bb0&Prime; shadow_y_offset=\u00a0\u00bb0&Prime; shadow_blur=\u00a0\u00bb0&Prime; shadow_spread=\u00a0\u00bb0&Prime;][vc_column width=\u00a0\u00bb1\/3&Prime;][vc_custom_heading text=\u00a0\u00bbL&rsquo;histoire de notre projet\u00a0\u00bb font_container=\u00a0\u00bbtag:h2|font_size:40px|text_align:center|line_height:47px\u00a0\u00bb google_fonts=\u00a0\u00bbfont_family:Sofia%3Aregular|font_style:400%20regular%3A400%3Anormal\u00a0\u00bb][\/vc_column][vc_column width=\u00a0\u00bb2\/3&Prime;][vc_tta_accordion c_icon=\u00a0\u00bbchevron\u00a0\u00bb c_position=\u00a0\u00bbright\u00a0\u00bb active_section=\u00a0\u00bb1&Prime;][vc_tta_section title=\u00a0\u00bbA propos de nous\u00a0\u00bb tab_id=\u00a0\u00bb1538132636712-264a5877-6fed\u00a0\u00bb][vc_column_text]<\/p>\n<p align=\"justify\">Bonjour \u00e0 tous, nous sommes Pauline et Gilles, nous avions le projet de cr\u00e9er des chambres d\u2019h\u00f4tes et table d\u2019h\u00f4tes depuis quelques temps.<\/p>\n<p align=\"justify\">Apr\u00e8s de longues recherches, \u00e0 la premi\u00e8re visite de cette b\u00e2tisse, nous sommes tomb\u00e9s sous le charme de cette ancienne grange.<\/p>\n<p align=\"justify\">Telle une \u00e9vidence, les plans se sont dessin\u00e9s dans nos t\u00eates.<\/p>\n<p align=\"justify\">C\u2019est ainsi que nous avons concr\u00e9tis\u00e9 le projet de <strong>la grange du Contour\u00e9s<\/strong>.<\/p>\n<p align=\"justify\">Apr\u00e8s trois ans d\u2019effort, de pers\u00e9v\u00e9rance et de patience, notre famille est pr\u00eate \u00e0 vous accueillir.<\/p>\n<p align=\"justify\">Un petit retour sur le pass\u00e9 pour vous parler de cette ancienne grange.[\/vc_column_text][\/vc_tta_section][vc_tta_section title=\u00a0\u00bbRetour dans le pass\u00e9\u00a0\u00bb tab_id=\u00a0\u00bb1538132636518-c530006e-2eda\u00a0\u00bb][vc_column_text]<\/p>\n<p align=\"justify\">Cette grange fut construite dans les ann\u00e9es 40, \u00e0 cette \u00e9poque le hameau comptait environ 80 personnes.<\/p>\n<p align=\"justify\">Elle appartenait \u00e0 un cantonnier qui se servait d\u2019elle comme un b\u00e2timent agricole.<\/p>\n<p align=\"justify\">La b\u00e2tisse \u00e9t\u00e9 compos\u00e9e de deux parties.<\/p>\n<p align=\"justify\">La premi\u00e8re partie l\u2019\u00e9table, o\u00f9 les b\u00eates logeaient quand elles n\u2019\u00e9taient pas au pr\u00e9s.<\/p>\n<p align=\"justify\">La deuxi\u00e8me partie en haut, servait \u00e0 stocker le foin pour nourrir les animaux.<\/p>\n<p align=\"justify\">Le hameau \u00e9tait tr\u00e8s convivial, les habitants partageaient repas et rituels comme l\u2019abattage du cochon et la fabrication de charcuterie[\/vc_column_text][\/vc_tta_section][vc_tta_section title=\u00a0\u00bbNotre objectif\u00a0\u00bb tab_id=\u00a0\u00bb1538132622962-d4599275-36ec\u00a0\u00bb][vc_column_text css=\u00a0\u00bb\u00a0\u00bb]<\/p>\n<p align=\"justify\">Aujourd&rsquo;hui, nous vous proposons 4 chambres d\u2019h\u00f4tes dont une chambre aux normes PMR que nous avons cr\u00e9\u00e9 tout en gardant le charme et l\u2019authenticit\u00e9 de cette grange.<\/p>\n<p align=\"justify\">Nous avons choisi d\u2019attribuer le th\u00e8me des \u00ab\u00a0\u00e9l\u00e9ments\u00a0\u00bb pour nos chambres.<\/p>\n<p align=\"justify\">Ces quatre \u00e9l\u00e9ments, le feu, l\u2019air, l\u2019eau et la terre sont tout simplement une fa\u00e7on de concevoir \u00ab\u00a0le monde\u00a0\u00bb.<\/p>\n<p align=\"justify\">Notre situation g\u00e9ographique vous permettra de vous reposer vous d\u00e9tendre et de vous restaurer dans un endroit calme, tout en profitant de notre magnifique r\u00e9gion.<\/p>\n<p align=\"justify\">Nous vous proposons \u00e9galement des paniers pique-nique qui permettrons de vous restaurer en pleine nature.<\/p>\n<p align=\"justify\"><strong>Le tarif comprend la nuit\u00e9e et le petit d\u00e9jeuner.<\/strong><\/p>\n<p align=\"justify\">Nous vous garantissons des produits frais de saison et locaux qui accompagnerons vos diff\u00e9rents repas.<\/p>\n<p align=\"justify\">Nos amis les animaux, ne sont plus autoris\u00e9s.<\/p>\n<p>[\/vc_column_text][\/vc_tta_section][\/vc_tta_accordion][stm_button button_pos=\u00a0\u00bbcenter\u00a0\u00bb link=\u00a0\u00bburl:https%3A%2F%2Fgrangeducontoures.fr%2Findex.php%2Fchambres%2F|title:D%C3%A9couvrir%20les%20chambres\u00a0\u00bb][vc_empty_space][vc_column_text]<\/p>\n<p style=\"text-align: center;\"><em>Nous poss\u00e9dons deux chats en libert\u00e9 dans la Grange.\u00a0<\/em><\/p>\n<p>[\/vc_column_text][\/vc_column][\/vc_row][vc_row][vc_column][stm_spacer height=\u00a0\u00bb80&Prime; height_tablet=\u00a0\u00bb50&Prime; height_mobile=\u00a0\u00bb30&Prime;][stm_services][\/vc_column][\/vc_row][vc_row][vc_column][stm_spacer height=\u00a0\u00bb70&Prime; height_tablet=\u00a0\u00bb50&Prime; height_mobile=\u00a0\u00bb30&Prime;][\/vc_column][\/vc_row][vc_section css=\u00a0\u00bb.vc_custom_1677859391013{margin-bottom: -60px !important;padding-top: 0px !important;}\u00a0\u00bb][vc_row full_width=\u00a0\u00bbstretch_row\u00a0\u00bb shadow_x_offset=\u00a0\u00bb0&Prime; shadow_y_offset=\u00a0\u00bb0&Prime; shadow_blur=\u00a0\u00bb0&Prime; shadow_spread=\u00a0\u00bb0&Prime; shadow_color=\u00a0\u00bb\u00a0\u00bb css=\u00a0\u00bb.vc_custom_1680945108441{background-image: url(https:\/\/grangeducontoures.fr\/wp-content\/uploads\/2023\/04\/Albi-1.jpg?id=1599) !important;background-position: center !important;background-repeat: no-repeat !important;background-size: cover !important;}\u00a0\u00bb el_class=\u00a0\u00bbfixed_bg\u00a0\u00bb][vc_column css_animation=\u00a0\u00bbnone\u00a0\u00bb shadow_x_offset=\u00a0\u00bb0&Prime; shadow_y_offset=\u00a0\u00bb0&Prime; shadow_blur=\u00a0\u00bb0&Prime; shadow_spread=\u00a0\u00bb0&Prime; shadow_color=\u00a0\u00bb\u00a0\u00bb offset=\u00a0\u00bbvc_col-lg-offset-2 vc_col-lg-8 vc_col-md-offset-2 vc_col-md-8 vc_col-xs-12&Prime;][stm_spacer height=\u00a0\u00bb100&Prime; height_tablet=\u00a0\u00bb100&Prime; height_mobile=\u00a0\u00bb50&Prime;][vc_icon icon_fontawesome=\u00a0\u00bbstmicon-haircut\u00a0\u00bb color=\u00a0\u00bbwhite\u00a0\u00bb align=\u00a0\u00bbcenter\u00a0\u00bb css=\u00a0\u00bb.vc_custom_1538651827994{margin-bottom: 10px !important;}\u00a0\u00bb][vc_column_text css=\u00a0\u00bb.vc_custom_1680945167964{margin-bottom: 21px !important;}\u00a0\u00bb]<\/p>\n<h3 style=\"text-align: center;\"><strong><span style=\"color: #ffffff;\">AU COEUR DES PLUS BEAUX VILLAGES DE FRANCE<\/span><\/strong><\/h3>\n<p>[\/vc_column_text][vc_column_text css=\u00a0\u00bb.vc_custom_1680945194495{margin-bottom: 61px !important;}\u00a0\u00bb]<\/p>\n<p style=\"text-align: center;\"><span style=\"color: #ffffff;\"><span style=\"vertical-align: inherit;\"><span style=\"vertical-align: inherit;\">Des lieux et activit\u00e9s exceptionnels<\/span><\/span><\/span><\/p>\n<p>[\/vc_column_text][stm_spacer height=\u00a0\u00bb40&Prime; height_tablet=\u00a0\u00bb40&Prime; height_mobile=\u00a0\u00bb30&Prime;][vc_row_inner][vc_column_inner width=\u00a0\u00bb1\/2&Prime;][stm_button button_style=\u00a0\u00bboutline\u00a0\u00bb button_pos=\u00a0\u00bbcenter\u00a0\u00bb button_border_color=\u00a0\u00bb#ffffff\u00a0\u00bb button_bg_color_hover=\u00a0\u00bb#e0cda9&Prime; button_text_color=\u00a0\u00bb#ffffff\u00a0\u00bb button_text_color_hover=\u00a0\u00bb#0f0f0f\u00a0\u00bb link=\u00a0\u00bburl:https%3A%2F%2Fgrangeducontoures.fr%2Findex.php%2Factivites%2F|title:Activit%C3%A9s\u00a0\u00bb][vc_empty_space height=\u00a0\u00bb20px\u00a0\u00bb][\/vc_column_inner][vc_column_inner width=\u00a0\u00bb1\/2&Prime;][stm_button button_style=\u00a0\u00bboutline\u00a0\u00bb button_pos=\u00a0\u00bbcenter\u00a0\u00bb button_border_color=\u00a0\u00bb#ffffff\u00a0\u00bb button_bg_color_hover=\u00a0\u00bb#e0cda9&Prime; button_text_color=\u00a0\u00bb#ffffff\u00a0\u00bb button_text_color_hover=\u00a0\u00bb#0f0f0f\u00a0\u00bb link=\u00a0\u00bburl:https%3A%2F%2Fgrangeducontoures.fr%2Findex.php%2Flieux-a-visiter%2F|title:Lieux%20%C3%A0%20visiter\u00a0\u00bb][vc_empty_space height=\u00a0\u00bb20px\u00a0\u00bb][\/vc_column_inner][\/vc_row_inner][stm_spacer height=\u00a0\u00bb100&Prime; height_tablet=\u00a0\u00bb100&Prime; height_mobile=\u00a0\u00bb50&Prime;][\/vc_column][\/vc_row][\/vc_section]<\/p>\n<\/div>","protected":false},"excerpt":{"rendered":"<p>[vc_row][vc_column][stm_spacer height=\u00a0\u00bb40&Prime; height_tablet=\u00a0\u00bb30&Prime; height_mobile=\u00a0\u00bb20&Prime;][\/vc_column][\/vc_row][vc_row equal_height=\u00a0\u00bbyes\u00a0\u00bb content_placement=\u00a0\u00bbmiddle\u00a0\u00bb shadow_x_offset=\u00a0\u00bb0&Prime; shadow_y_offset=\u00a0\u00bb0&Prime; shadow_blur=\u00a0\u00bb0&Prime; shadow_spread=\u00a0\u00bb0&Prime;][vc_column width=\u00a0\u00bb1\/3&Prime;][vc_custom_heading text=\u00a0\u00bbL&rsquo;histoire de notre projet\u00a0\u00bb font_container=\u00a0\u00bbtag:h2|font_size:40px|text_align:center|line_height:47px\u00a0\u00bb google_fonts=\u00a0\u00bbfont_family:Sofia%3Aregular|font_style:400%20regular%3A400%3Anormal\u00a0\u00bb][\/vc_column][vc_column width=\u00a0\u00bb2\/3&Prime;][vc_tta_accordion c_icon=\u00a0\u00bbchevron\u00a0\u00bb c_position=\u00a0\u00bbright\u00a0\u00bb active_section=\u00a0\u00bb1&Prime;][vc_tta_section title=\u00a0\u00bbA propos de nous\u00a0\u00bb tab_id=\u00a0\u00bb1538132636712-264a5877-6fed\u00a0\u00bb][vc_column_text] Bonjour \u00e0 tous, nous sommes Pauline et Gilles, nous avions le projet de cr\u00e9er des chambres d\u2019h\u00f4tes et table d\u2019h\u00f4tes depuis quelques temps. Apr\u00e8s de longues recherches, \u00e0 la [&hellip;]<\/p>\n","protected":false},"author":2,"featured_media":0,"parent":0,"menu_order":2,"comment_status":"closed","ping_status":"closed","template":"","meta":{"_eb_attr":"","footnotes":""},"class_list":["post-146","page","type-page","status-publish","hentry"],"jetpack_sharing_enabled":true,"_links":{"self":[{"href":"https:\/\/grangeducontoures.fr\/index.php\/wp-json\/wp\/v2\/pages\/146","targetHints":{"allow":["GET"]}}],"collection":[{"href":"https:\/\/grangeducontoures.fr\/index.php\/wp-json\/wp\/v2\/pages"}],"about":[{"href":"https:\/\/grangeducontoures.fr\/index.php\/wp-json\/wp\/v2\/types\/page"}],"author":[{"embeddable":true,"href":"https:\/\/grangeducontoures.fr\/index.php\/wp-json\/wp\/v2\/users\/2"}],"replies":[{"embeddable":true,"href":"https:\/\/grangeducontoures.fr\/index.php\/wp-json\/wp\/v2\/comments?post=146"}],"version-history":[{"count":8,"href":"https:\/\/grangeducontoures.fr\/index.php\/wp-json\/wp\/v2\/pages\/146\/revisions"}],"predecessor-version":[{"id":1922,"href":"https:\/\/grangeducontoures.fr\/index.php\/wp-json\/wp\/v2\/pages\/146\/revisions\/1922"}],"wp:attachment":[{"href":"https:\/\/grangeducontoures.fr\/index.php\/wp-json\/wp\/v2\/media?parent=146"}],"curies":[{"name":"wp","href":"https:\/\/api.w.org\/{rel}","templated":true}]}}